{"id":424,"date":"2017-04-29T13:33:21","date_gmt":"2017-04-29T13:33:21","guid":{"rendered":"http:\/\/skotak.pukar.net\/?page_id=424"},"modified":"2017-04-29T13:33:21","modified_gmt":"2017-04-29T13:33:21","slug":"skotgreinarnar","status":"publish","type":"page","link":"https:\/\/skotak.is\/index.php\/skotgreinarnar\/","title":{"rendered":"Skotgreinarnar"},"content":{"rendered":"","protected":false},"excerpt":{"rendered":"","protected":false},"author":2,"featured_media":0,"parent":0,"menu_order":0,"comment_status":"closed","ping_status":"closed","template":"","meta":{"ngg_post_thumbnail":0,"footnotes":""},"yoast_head":"<!-- This site is optimized with the Yoast SEO plugin v21.5 - https:\/\/yoast.com\/wordpress\/plugins\/seo\/ -->\n<title>Skotgreinarnar - Skotf\u00e9lag Akureyrar<\/title>\n<meta name=\"robots\" content=\"index, follow, max-snippet:-1, max-image-preview:large, max-video-preview:-1\" \/>\n<link rel=\"canonical\" href=\"https:\/\/skotak.is\/index.php\/skotgreinarnar\/\" \/>\n<meta property=\"og:locale\" content=\"is_IS\" \/>\n<meta property=\"og:type\" content=\"article\" \/>\n<meta property=\"og:title\" content=\"Skotgreinarnar - Skotf\u00e9lag Akureyrar\" \/>\n<meta property=\"og:url\" content=\"https:\/\/skotak.is\/index.php\/skotgreinarnar\/\" \/>\n<meta property=\"og:site_name\" content=\"Skotf\u00e9lag Akureyrar\" \/>\n<meta name=\"twitter:card\" content=\"summary_large_image\" \/>\n<script type=\"application\/ld+json\" class=\"yoast-schema-graph\">{\"@context\":\"https:\/\/schema.org\",\"@graph\":[{\"@type\":\"WebPage\",\"@id\":\"https:\/\/skotak.is\/index.php\/skotgreinarnar\/\",\"url\":\"https:\/\/skotak.is\/index.php\/skotgreinarnar\/\",\"name\":\"Skotgreinarnar - Skotf\u00e9lag Akureyrar\",\"isPartOf\":{\"@id\":\"https:\/\/skotak.is\/#website\"},\"datePublished\":\"2017-04-29T13:33:21+00:00\",\"dateModified\":\"2017-04-29T13:33:21+00:00\",\"breadcrumb\":{\"@id\":\"https:\/\/skotak.is\/index.php\/skotgreinarnar\/#breadcrumb\"},\"inLanguage\":\"is\",\"potentialAction\":[{\"@type\":\"ReadAction\",\"target\":[\"https:\/\/skotak.is\/index.php\/skotgreinarnar\/\"]}]},{\"@type\":\"BreadcrumbList\",\"@id\":\"https:\/\/skotak.is\/index.php\/skotgreinarnar\/#breadcrumb\",\"itemListElement\":[{\"@type\":\"ListItem\",\"position\":1,\"name\":\"Home\",\"item\":\"https:\/\/skotak.is\/\"},{\"@type\":\"ListItem\",\"position\":2,\"name\":\"Skotgreinarnar\"}]},{\"@type\":\"WebSite\",\"@id\":\"https:\/\/skotak.is\/#website\",\"url\":\"https:\/\/skotak.is\/\",\"name\":\"Skotf\u00e9lag Akureyrar\",\"description\":\"Heimas\u00ed\u00f0a Skotf\u00e9lags Akureyrar\",\"publisher\":{\"@id\":\"https:\/\/skotak.is\/#organization\"},\"potentialAction\":[{\"@type\":\"SearchAction\",\"target\":{\"@type\":\"EntryPoint\",\"urlTemplate\":\"https:\/\/skotak.is\/?s={search_term_string}\"},\"query-input\":\"required name=search_term_string\"}],\"inLanguage\":\"is\"},{\"@type\":\"Organization\",\"@id\":\"https:\/\/skotak.is\/#organization\",\"name\":\"Skotf\u00e9lag Akureyrar\",\"url\":\"https:\/\/skotak.is\/\",\"logo\":{\"@type\":\"ImageObject\",\"inLanguage\":\"is\",\"@id\":\"https:\/\/skotak.is\/#\/schema\/logo\/image\/\",\"url\":\"https:\/\/skotak.is\/wp-content\/uploads\/2017\/05\/cropped-Skotfelag-Akureyrar-logo-h\u00c3\u00a6rra-1.png\",\"contentUrl\":\"https:\/\/skotak.is\/wp-content\/uploads\/2017\/05\/cropped-Skotfelag-Akureyrar-logo-h\u00c3\u00a6rra-1.png\",\"width\":240,\"height\":240,\"caption\":\"Skotf\u00e9lag Akureyrar\"},\"image\":{\"@id\":\"https:\/\/skotak.is\/#\/schema\/logo\/image\/\"}}]}<\/script>\n<!-- \/ Yoast SEO plugin. -->","yoast_head_json":{"title":"Skotgreinarnar - Skotf\u00e9lag Akureyrar","robots":{"index":"index","follow":"follow","max-snippet":"max-snippet:-1","max-image-preview":"max-image-preview:large","max-video-preview":"max-video-preview:-1"},"canonical":"https:\/\/skotak.is\/index.php\/skotgreinarnar\/","og_locale":"is_IS","og_type":"article","og_title":"Skotgreinarnar - Skotf\u00e9lag Akureyrar","og_url":"https:\/\/skotak.is\/index.php\/skotgreinarnar\/","og_site_name":"Skotf\u00e9lag Akureyrar","twitter_card":"summary_large_image","schema":{"@context":"https:\/\/schema.org","@graph":[{"@type":"WebPage","@id":"https:\/\/skotak.is\/index.php\/skotgreinarnar\/","url":"https:\/\/skotak.is\/index.php\/skotgreinarnar\/","name":"Skotgreinarnar - Skotf\u00e9lag Akureyrar","isPartOf":{"@id":"https:\/\/skotak.is\/#website"},"datePublished":"2017-04-29T13:33:21+00:00","dateModified":"2017-04-29T13:33:21+00:00","breadcrumb":{"@id":"https:\/\/skotak.is\/index.php\/skotgreinarnar\/#breadcrumb"},"inLanguage":"is","potentialAction":[{"@type":"ReadAction","target":["https:\/\/skotak.is\/index.php\/skotgreinarnar\/"]}]},{"@type":"BreadcrumbList","@id":"https:\/\/skotak.is\/index.php\/skotgreinarnar\/#breadcrumb","itemListElement":[{"@type":"ListItem","position":1,"name":"Home","item":"https:\/\/skotak.is\/"},{"@type":"ListItem","position":2,"name":"Skotgreinarnar"}]},{"@type":"WebSite","@id":"https:\/\/skotak.is\/#website","url":"https:\/\/skotak.is\/","name":"Skotf\u00e9lag Akureyrar","description":"Heimas\u00ed\u00f0a Skotf\u00e9lags Akureyrar","publisher":{"@id":"https:\/\/skotak.is\/#organization"},"potentialAction":[{"@type":"SearchAction","target":{"@type":"EntryPoint","urlTemplate":"https:\/\/skotak.is\/?s={search_term_string}"},"query-input":"required name=search_term_string"}],"inLanguage":"is"},{"@type":"Organization","@id":"https:\/\/skotak.is\/#organization","name":"Skotf\u00e9lag Akureyrar","url":"https:\/\/skotak.is\/","logo":{"@type":"ImageObject","inLanguage":"is","@id":"https:\/\/skotak.is\/#\/schema\/logo\/image\/","url":"https:\/\/skotak.is\/wp-content\/uploads\/2017\/05\/cropped-Skotfelag-Akureyrar-logo-h\u00c3\u00a6rra-1.png","contentUrl":"https:\/\/skotak.is\/wp-content\/uploads\/2017\/05\/cropped-Skotfelag-Akureyrar-logo-h\u00c3\u00a6rra-1.png","width":240,"height":240,"caption":"Skotf\u00e9lag Akureyrar"},"image":{"@id":"https:\/\/skotak.is\/#\/schema\/logo\/image\/"}}]}},"_links":{"self":[{"href":"https:\/\/skotak.is\/index.php\/wp-json\/wp\/v2\/pages\/424"}],"collection":[{"href":"https:\/\/skotak.is\/index.php\/wp-json\/wp\/v2\/pages"}],"about":[{"href":"https:\/\/skotak.is\/index.php\/wp-json\/wp\/v2\/types\/page"}],"author":[{"embeddable":true,"href":"https:\/\/skotak.is\/index.php\/wp-json\/wp\/v2\/users\/2"}],"replies":[{"embeddable":true,"href":"https:\/\/skotak.is\/index.php\/wp-json\/wp\/v2\/comments?post=424"}],"version-history":[{"count":1,"href":"https:\/\/skotak.is\/index.php\/wp-json\/wp\/v2\/pages\/424\/revisions"}],"predecessor-version":[{"id":427,"href":"https:\/\/skotak.is\/index.php\/wp-json\/wp\/v2\/pages\/424\/revisions\/427"}],"wp:attachment":[{"href":"https:\/\/skotak.is\/index.php\/wp-json\/wp\/v2\/media?parent=424"}],"curies":[{"name":"wp","href":"https:\/\/api.w.org\/{rel}","templated":true}]}}